{"id":1734,"date":"2023-05-12T10:17:55","date_gmt":"2023-05-12T10:17:55","guid":{"rendered":"https:\/\/www.mtrpadel.com\/producto\/mtr-padel-panoramic-court-model-alex-arroyo\/"},"modified":"2024-10-14T04:37:01","modified_gmt":"2024-10-14T04:37:01","slug":"mtr-padel-panoramic-court-model-alex-arroyo","status":"publish","type":"product","link":"https:\/\/www.mtrpadel.com\/en\/producto\/mtr-padel-panoramic-court-model-alex-arroyo\/","title":{"rendered":"MTR PADEL Panoramic Court model &#8220;Alex Arroyo&#8221;."},"content":{"rendered":"\t\t<div data-elementor-type=\"product-post\" data-elementor-id=\"1734\" class=\"elementor elementor-1734 elementor-103\" data-elementor-post-type=\"product\">\n\t\t\t\t\t\t<section class=\"elementor-section elementor-top-section elementor-element elementor-element-74ad0b0b elementor-section-boxed elementor-section-height-default elementor-section-height-default\" data-id=\"74ad0b0b\" data-element_type=\"section\">\n\t\t\t\t\t\t<div class=\"elementor-container elementor-column-gap-default\">\n\t\t\t\t\t<div class=\"elementor-column elementor-col-100 elementor-top-column elementor-element elementor-element-197c668f\" data-id=\"197c668f\" data-element_type=\"column\">\n\t\t\t<div class=\"elementor-widget-wrap elementor-element-populated\">\n\t\t\t\t\t\t<div class=\"elementor-element elementor-element-468fe5db elementor-widget elementor-widget-text-editor\" data-id=\"468fe5db\" data-element_type=\"widget\" data-widget_type=\"text-editor.default\">\n\t\t\t\t<div class=\"elementor-widget-container\">\n\t\t\t\t\t\t\t\t\t<h3 style=\"text-align: center;\">Technical Specifications:<\/h3>\n<h4>Metal structure:<\/h4>\n<ul>\n \t<li>Enclosure in panoramic area with 100mm x 100mm x 30mm tube with MTR Padel brand logo personalization.<\/li>\n \t<li>Self-supporting mesh frames with 80x80x2mm and 40x40x2mm reinforcement tube forming a 120x80mm pillar.\nWith anchor plates of 250x180x10mm. <\/li>\n \t<li>Electro welded mesh 50x50x4mm at 1 meter and 2.20 mm from the ground.<\/li>\n \t<li>Screws, etc.<\/li>\n \t<li>Competition model game net<\/li>\n \t<li>Black baked-on paint (other colors available upon request) with maximum resistance to abrasion and oxidation<\/li>\n<\/ul>\n<h4>Glass:<\/h4>\n<ul>\n \t<li>12 mm thick tempered glass sheets, 18 sheets of 12mm in measures 1995x2995mm<\/li>\n \t<li>The glass complies with the UNE-EN 12150-2:2005 standard.\n-Including neoprene to separate the glass from the iron. <\/li>\n<\/ul>\n<h4>Lawn:<\/h4>  Supply of state-of-the-art texturized artificial turf for paddle tennis practice and long durability, high quality turf.  <ul>\n \t<li>Turf Structure: Textured yarns (curly)<\/li>\n \t<li>Dtex: 9,600 Dtex\/8F<\/li>\n \t<li>Pile height: 12 mm<\/li>\n \t<li>Gauge: 3\/16&#8243;<\/li>\n \t<li>Density: 39,900 points\/m2<\/li>\n \t<li>Backing: Double layer of PP<\/li>\n \t<li>Coating: SBR latex<\/li>\n \t<li>Backfill: silica sand, 8,5 kg\/m2<\/li>\n \t<li style=\"list-style-type: none;\">\n<\/li><\/ul>\n<h4>LED lighting:<\/h4>  4 units of 6 m pole for support and fastening of projectors and cable conduction, in structural tube topped by 8 units of watertight projector for LED lamp \/ 200 W with 26,000 lumens.  &nbsp;\n<h3 style=\"text-align: center;\">Check availability<\/h3>\n\n<div class=\"wpcf7 no-js\" id=\"wpcf7-f61-o1\" lang=\"es-ES\" dir=\"ltr\" data-wpcf7-id=\"61\">\n<div class=\"screen-reader-response\"><p role=\"status\" aria-live=\"polite\" aria-atomic=\"true\"><\/p> <ul><\/ul><\/div>\n<form action=\"\/en\/wp-json\/wp\/v2\/product\/1734#wpcf7-f61-o1\" method=\"post\" class=\"wpcf7-form init\" aria-label=\"Formulario de contacto\" novalidate=\"novalidate\" data-status=\"init\">\n<div style=\"display: none;\">\n<input type=\"hidden\" name=\"_wpcf7\" value=\"61\" \/>\n<input type=\"hidden\" name=\"_wpcf7_version\" value=\"6.0.5\" \/>\n<input type=\"hidden\" name=\"_wpcf7_locale\" value=\"es_ES\" \/>\n<input type=\"hidden\" name=\"_wpcf7_unit_tag\" value=\"wpcf7-f61-o1\" \/>\n<input type=\"hidden\" name=\"_wpcf7_container_post\" value=\"0\" \/>\n<input type=\"hidden\" name=\"_wpcf7_posted_data_hash\" value=\"\" \/>\n<\/div>\n<div class=\"column one-second\">\n\t<p><span class=\"wpcf7-form-control-wrap\" data-name=\"your-name\"><input size=\"40\" maxlength=\"400\" class=\"wpcf7-form-control wpcf7-text wpcf7-validates-as-required\" aria-required=\"true\" aria-invalid=\"false\" placeholder=\"Nombre\" value=\"\" type=\"text\" name=\"your-name\" \/><\/span>\n\t<\/p>\n<\/div>\n<div class=\"column one-second\">\n\t<p><span class=\"wpcf7-form-control-wrap\" data-name=\"your-email\"><input size=\"40\" maxlength=\"400\" class=\"wpcf7-form-control wpcf7-email wpcf7-validates-as-required wpcf7-text wpcf7-validates-as-email\" aria-required=\"true\" aria-invalid=\"false\" placeholder=\"Correo electr\u00f3nico\" value=\"\" type=\"email\" name=\"your-email\" \/><\/span>\n\t<\/p>\n<\/div>\n<div class=\"column one\">\n\t<p><span class=\"wpcf7-form-control-wrap\" data-name=\"your-subject\"><input size=\"40\" maxlength=\"400\" class=\"wpcf7-form-control wpcf7-text\" aria-invalid=\"false\" placeholder=\"\u00bfQu\u00e9 necesitas?\" value=\"\" type=\"text\" name=\"your-subject\" \/><\/span>\n\t<\/p>\n<\/div>\n<div class=\"column one\">\n\t<p><span class=\"wpcf7-form-control-wrap\" data-name=\"your-message\"><textarea cols=\"40\" rows=\"6\" maxlength=\"2000\" class=\"wpcf7-form-control wpcf7-textarea\" aria-invalid=\"false\" placeholder=\"Escribe tu mensaje\" name=\"your-message\"><\/textarea><\/span>\n\t<\/p>\n<\/div>\n<div style=\"text-align: left !important;\">\n\t<p><span class=\"wpcf7-form-control-wrap\" data-name=\"acceptance-46\"><span class=\"wpcf7-form-control wpcf7-acceptance\"><span class=\"wpcf7-list-item\"><label><input type=\"checkbox\" name=\"acceptance-46\" value=\"1\" aria-invalid=\"false\" \/><span class=\"wpcf7-list-item-label\"><a target=\"_blank\" href=\"#\">He le\u00eddo y acepto las Pol\u00edticas de Privacidad<\/a> (Requerido)<\/span><\/label><\/span><\/span><\/span>\n\t<\/p>\n<\/div>\n<p><span class=\"wpcf7-form-control-wrap\" data-name=\"acceptance-46\"><span class=\"wpcf7-form-control wpcf7-acceptance\"><span class=\"wpcf7-list-item\"><label><input type=\"checkbox\" name=\"acceptance-46\" value=\"1\" aria-invalid=\"false\" \/><span class=\"wpcf7-list-item-label\">Acepto el tratamiento de mis datos con la finalidad de recibir la informaci\u00f3n solicitada.<\/span><\/label><\/span><\/span><\/span>\n<\/p>\n<p>En MTR P\u00e1del (titularidad de Nombre Apellido Apellido) trataremos los datos que nos facilites con la finalidad de enviarte informaci\u00f3n relacionada con tu solicitud sobre nuestros productos y servicios. Podr\u00e1s ejercer los derechos de acceso, rectificaci\u00f3n, limitaci\u00f3n, oposici\u00f3n, portabilidad, o retirar el consentimiento enviando un email a Mtrapadel@mtrpadel.com. Tambi\u00e9n puedes solicitar la tutela de derechos ante la Autoridad de Control (AEPD). Puedes consultar informaci\u00f3n adicional y detallada sobre protecci\u00f3n de datos en nuestra Pol\u00edtica de Privacidad.\n<\/p>\n<div class=\"column one\">\n\t<p><input class=\"wpcf7-form-control wpcf7-submit has-spinner\" type=\"submit\" value=\"ENVIAR MENSAJE\" \/>\n\t<\/p>\n<\/div><div class=\"wpcf7-response-output\" aria-hidden=\"true\"><\/div>\n<\/form>\n<\/div>\n\n\n&nbsp;\n\n<a id=\"logo\" title=\"My blog\" href=\"https:\/\/www.mtrpadel.com\/en\/\" data-height=\"60\" data-padding=\"15\"><img decoding=\"async\" class=\"logo-main scale-with-grid aligncenter\" src=\"https:\/\/www.mtrpadel.com\/wp-content\/uploads\/2023\/05\/MTR-Padel.png\" alt=\"MTR Padel\" data-retina=\"https:\/\/www.mtrpadel.com\/wp-content\/uploads\/2023\/05\/MTR-Padel.png\" data-height=\"51\" data-no-retina=\"\"><\/a>\n\n&nbsp;\t\t\t\t\t\t\t\t<\/div>\n\t\t\t\t<\/div>\n\t\t\t\t\t<\/div>\n\t\t<\/div>\n\t\t\t\t\t<\/div>\n\t\t<\/section>\n\t\t\t\t<\/div>\n\t\t","protected":false},"excerpt":{"rendered":"<p>The young promise of the national paddle, <strong>Alex Arroyo<\/strong>, signs this court equipped for the demanding use of high competition.<br \/>\nIts outstanding visibility guarantees the best comfort even in <strong>televised competitions<\/strong>.<br \/>\nSolidity and high security for competitions where sport is the real protagonist.<br \/>\nOnly for real elite players.     <\/p>\n","protected":false},"featured_media":959,"comment_status":"open","ping_status":"closed","template":"","meta":[],"product_brand":[],"product_cat":[40],"product_tag":[],"class_list":{"0":"post-1734","1":"product","2":"type-product","3":"status-publish","4":"has-post-thumbnail","6":"product_cat-padel-courts","8":"first","9":"instock","10":"shipping-taxable","11":"product-type-simple"},"yoast_head":"<!-- This site is optimized with the Yoast SEO plugin v24.6 - https:\/\/yoast.com\/wordpress\/plugins\/seo\/ -->\n<title>MTR PADEL Panoramic Court model &quot;Alex Arroyo&quot;. - MTR P&aacute;del Tech Valencia<\/title>\n<meta name=\"robots\" content=\"index, follow, max-snippet:-1, max-image-preview:large, max-video-preview:-1\" \/>\n<link rel=\"canonical\" href=\"https:\/\/www.mtrpadel.com\/en\/producto\/mtr-padel-panoramic-court-model-alex-arroyo\/\" \/>\n<meta property=\"og:locale\" content=\"en_US\" \/>\n<meta property=\"og:type\" content=\"article\" \/>\n<meta property=\"og:title\" content=\"MTR PADEL Panoramic Court model &quot;Alex Arroyo&quot;. - MTR P&aacute;del Tech Valencia\" \/>\n<meta property=\"og:description\" content=\"The young promise of the national paddle, Alex Arroyo, signs this court equipped for the demanding use of high competition. Its outstanding visibility guarantees the best comfort even in televised competitions. Solidity and high security for competitions where sport is the real protagonist. Only for real elite players.\" \/>\n<meta property=\"og:url\" content=\"https:\/\/www.mtrpadel.com\/en\/producto\/mtr-padel-panoramic-court-model-alex-arroyo\/\" \/>\n<meta property=\"og:site_name\" content=\"MTR P&aacute;del Tech Valencia\" \/>\n<meta property=\"article:modified_time\" content=\"2024-10-14T04:37:01+00:00\" \/>\n<meta property=\"og:image\" content=\"https:\/\/www.mtrpadel.com\/wp-content\/uploads\/2024\/01\/4.png\" \/>\n\t<meta property=\"og:image:width\" content=\"768\" \/>\n\t<meta property=\"og:image:height\" content=\"432\" \/>\n\t<meta property=\"og:image:type\" content=\"image\/png\" \/>\n<meta name=\"twitter:card\" content=\"summary_large_image\" \/>\n<meta name=\"twitter:label1\" content=\"Est. reading time\" \/>\n\t<meta name=\"twitter:data1\" content=\"1 minute\" \/>\n<script type=\"application\/ld+json\" class=\"yoast-schema-graph\">{\"@context\":\"https:\/\/schema.org\",\"@graph\":[{\"@type\":[\"WebPage\",\"SearchResultsPage\"],\"@id\":\"https:\/\/www.mtrpadel.com\/en\/producto\/mtr-padel-panoramic-court-model-alex-arroyo\/\",\"url\":\"https:\/\/www.mtrpadel.com\/en\/producto\/mtr-padel-panoramic-court-model-alex-arroyo\/\",\"name\":\"MTR PADEL Panoramic Court model \\\"Alex Arroyo\\\". - MTR P&aacute;del Tech Valencia\",\"isPartOf\":{\"@id\":\"https:\/\/www.mtrpadel.com\/en\/#website\"},\"primaryImageOfPage\":{\"@id\":\"https:\/\/www.mtrpadel.com\/en\/producto\/mtr-padel-panoramic-court-model-alex-arroyo\/#primaryimage\"},\"image\":{\"@id\":\"https:\/\/www.mtrpadel.com\/en\/producto\/mtr-padel-panoramic-court-model-alex-arroyo\/#primaryimage\"},\"thumbnailUrl\":\"https:\/\/www.mtrpadel.com\/wp-content\/uploads\/2024\/01\/4.png\",\"datePublished\":\"2023-05-12T10:17:55+00:00\",\"dateModified\":\"2024-10-14T04:37:01+00:00\",\"breadcrumb\":{\"@id\":\"https:\/\/www.mtrpadel.com\/en\/producto\/mtr-padel-panoramic-court-model-alex-arroyo\/#breadcrumb\"},\"inLanguage\":\"en-US\",\"potentialAction\":[{\"@type\":\"ReadAction\",\"target\":[\"https:\/\/www.mtrpadel.com\/en\/producto\/mtr-padel-panoramic-court-model-alex-arroyo\/\"]}]},{\"@type\":\"ImageObject\",\"inLanguage\":\"en-US\",\"@id\":\"https:\/\/www.mtrpadel.com\/en\/producto\/mtr-padel-panoramic-court-model-alex-arroyo\/#primaryimage\",\"url\":\"https:\/\/www.mtrpadel.com\/wp-content\/uploads\/2024\/01\/4.png\",\"contentUrl\":\"https:\/\/www.mtrpadel.com\/wp-content\/uploads\/2024\/01\/4.png\",\"width\":768,\"height\":432},{\"@type\":\"BreadcrumbList\",\"@id\":\"https:\/\/www.mtrpadel.com\/en\/producto\/mtr-padel-panoramic-court-model-alex-arroyo\/#breadcrumb\",\"itemListElement\":[{\"@type\":\"ListItem\",\"position\":1,\"name\":\"Portada\",\"item\":\"https:\/\/www.mtrpadel.com\/en\/\"},{\"@type\":\"ListItem\",\"position\":2,\"name\":\"Shop\",\"item\":\"https:\/\/www.mtrpadel.com\/en\/shop\/\"},{\"@type\":\"ListItem\",\"position\":3,\"name\":\"MTR PADEL Panoramic Court model &#8220;Alex Arroyo&#8221;.\"}]},{\"@type\":\"WebSite\",\"@id\":\"https:\/\/www.mtrpadel.com\/en\/#website\",\"url\":\"https:\/\/www.mtrpadel.com\/en\/\",\"name\":\"MTR P\u00e1del Tech Valencia\",\"description\":\"Fabricaci\u00f3n y venta\",\"publisher\":{\"@id\":\"https:\/\/www.mtrpadel.com\/en\/#organization\"},\"alternateName\":\"MTR P\u00e1del\",\"potentialAction\":[{\"@type\":\"SearchAction\",\"target\":{\"@type\":\"EntryPoint\",\"urlTemplate\":\"https:\/\/www.mtrpadel.com\/en\/?s={search_term_string}\"},\"query-input\":{\"@type\":\"PropertyValueSpecification\",\"valueRequired\":true,\"valueName\":\"search_term_string\"}}],\"inLanguage\":\"en-US\"},{\"@type\":\"Organization\",\"@id\":\"https:\/\/www.mtrpadel.com\/en\/#organization\",\"name\":\"MTR P\u00e1del Tech Valencia\",\"url\":\"https:\/\/www.mtrpadel.com\/en\/\",\"logo\":{\"@type\":\"ImageObject\",\"inLanguage\":\"en-US\",\"@id\":\"https:\/\/www.mtrpadel.com\/en\/#\/schema\/logo\/image\/\",\"url\":\"https:\/\/www.mtrpadel.com\/wp-content\/uploads\/2023\/06\/logo-mtr-padel.png\",\"contentUrl\":\"https:\/\/www.mtrpadel.com\/wp-content\/uploads\/2023\/06\/logo-mtr-padel.png\",\"width\":1000,\"height\":170,\"caption\":\"MTR P\u00e1del Tech Valencia\"},\"image\":{\"@id\":\"https:\/\/www.mtrpadel.com\/en\/#\/schema\/logo\/image\/\"}}]}<\/script>\n<!-- \/ Yoast SEO plugin. -->","yoast_head_json":{"title":"MTR PADEL Panoramic Court model \"Alex Arroyo\". - MTR P&aacute;del Tech Valencia","robots":{"index":"index","follow":"follow","max-snippet":"max-snippet:-1","max-image-preview":"max-image-preview:large","max-video-preview":"max-video-preview:-1"},"canonical":"https:\/\/www.mtrpadel.com\/en\/producto\/mtr-padel-panoramic-court-model-alex-arroyo\/","og_locale":"en_US","og_type":"article","og_title":"MTR PADEL Panoramic Court model \"Alex Arroyo\". - MTR P&aacute;del Tech Valencia","og_description":"The young promise of the national paddle, Alex Arroyo, signs this court equipped for the demanding use of high competition. Its outstanding visibility guarantees the best comfort even in televised competitions. Solidity and high security for competitions where sport is the real protagonist. Only for real elite players.","og_url":"https:\/\/www.mtrpadel.com\/en\/producto\/mtr-padel-panoramic-court-model-alex-arroyo\/","og_site_name":"MTR P&aacute;del Tech Valencia","article_modified_time":"2024-10-14T04:37:01+00:00","og_image":[{"width":768,"height":432,"url":"https:\/\/www.mtrpadel.com\/wp-content\/uploads\/2024\/01\/4.png","type":"image\/png"}],"twitter_card":"summary_large_image","twitter_misc":{"Est. reading time":"1 minute"},"schema":{"@context":"https:\/\/schema.org","@graph":[{"@type":["WebPage","SearchResultsPage"],"@id":"https:\/\/www.mtrpadel.com\/en\/producto\/mtr-padel-panoramic-court-model-alex-arroyo\/","url":"https:\/\/www.mtrpadel.com\/en\/producto\/mtr-padel-panoramic-court-model-alex-arroyo\/","name":"MTR PADEL Panoramic Court model \"Alex Arroyo\". - MTR P&aacute;del Tech Valencia","isPartOf":{"@id":"https:\/\/www.mtrpadel.com\/en\/#website"},"primaryImageOfPage":{"@id":"https:\/\/www.mtrpadel.com\/en\/producto\/mtr-padel-panoramic-court-model-alex-arroyo\/#primaryimage"},"image":{"@id":"https:\/\/www.mtrpadel.com\/en\/producto\/mtr-padel-panoramic-court-model-alex-arroyo\/#primaryimage"},"thumbnailUrl":"https:\/\/www.mtrpadel.com\/wp-content\/uploads\/2024\/01\/4.png","datePublished":"2023-05-12T10:17:55+00:00","dateModified":"2024-10-14T04:37:01+00:00","breadcrumb":{"@id":"https:\/\/www.mtrpadel.com\/en\/producto\/mtr-padel-panoramic-court-model-alex-arroyo\/#breadcrumb"},"inLanguage":"en-US","potentialAction":[{"@type":"ReadAction","target":["https:\/\/www.mtrpadel.com\/en\/producto\/mtr-padel-panoramic-court-model-alex-arroyo\/"]}]},{"@type":"ImageObject","inLanguage":"en-US","@id":"https:\/\/www.mtrpadel.com\/en\/producto\/mtr-padel-panoramic-court-model-alex-arroyo\/#primaryimage","url":"https:\/\/www.mtrpadel.com\/wp-content\/uploads\/2024\/01\/4.png","contentUrl":"https:\/\/www.mtrpadel.com\/wp-content\/uploads\/2024\/01\/4.png","width":768,"height":432},{"@type":"BreadcrumbList","@id":"https:\/\/www.mtrpadel.com\/en\/producto\/mtr-padel-panoramic-court-model-alex-arroyo\/#breadcrumb","itemListElement":[{"@type":"ListItem","position":1,"name":"Portada","item":"https:\/\/www.mtrpadel.com\/en\/"},{"@type":"ListItem","position":2,"name":"Shop","item":"https:\/\/www.mtrpadel.com\/en\/shop\/"},{"@type":"ListItem","position":3,"name":"MTR PADEL Panoramic Court model &#8220;Alex Arroyo&#8221;."}]},{"@type":"WebSite","@id":"https:\/\/www.mtrpadel.com\/en\/#website","url":"https:\/\/www.mtrpadel.com\/en\/","name":"MTR P\u00e1del Tech Valencia","description":"Fabricaci\u00f3n y venta","publisher":{"@id":"https:\/\/www.mtrpadel.com\/en\/#organization"},"alternateName":"MTR P\u00e1del","potentialAction":[{"@type":"SearchAction","target":{"@type":"EntryPoint","urlTemplate":"https:\/\/www.mtrpadel.com\/en\/?s={search_term_string}"},"query-input":{"@type":"PropertyValueSpecification","valueRequired":true,"valueName":"search_term_string"}}],"inLanguage":"en-US"},{"@type":"Organization","@id":"https:\/\/www.mtrpadel.com\/en\/#organization","name":"MTR P\u00e1del Tech Valencia","url":"https:\/\/www.mtrpadel.com\/en\/","logo":{"@type":"ImageObject","inLanguage":"en-US","@id":"https:\/\/www.mtrpadel.com\/en\/#\/schema\/logo\/image\/","url":"https:\/\/www.mtrpadel.com\/wp-content\/uploads\/2023\/06\/logo-mtr-padel.png","contentUrl":"https:\/\/www.mtrpadel.com\/wp-content\/uploads\/2023\/06\/logo-mtr-padel.png","width":1000,"height":170,"caption":"MTR P\u00e1del Tech Valencia"},"image":{"@id":"https:\/\/www.mtrpadel.com\/en\/#\/schema\/logo\/image\/"}}]}},"_links":{"self":[{"href":"https:\/\/www.mtrpadel.com\/en\/wp-json\/wp\/v2\/product\/1734","targetHints":{"allow":["GET"]}}],"collection":[{"href":"https:\/\/www.mtrpadel.com\/en\/wp-json\/wp\/v2\/product"}],"about":[{"href":"https:\/\/www.mtrpadel.com\/en\/wp-json\/wp\/v2\/types\/product"}],"replies":[{"embeddable":true,"href":"https:\/\/www.mtrpadel.com\/en\/wp-json\/wp\/v2\/comments?post=1734"}],"version-history":[{"count":3,"href":"https:\/\/www.mtrpadel.com\/en\/wp-json\/wp\/v2\/product\/1734\/revisions"}],"predecessor-version":[{"id":1737,"href":"https:\/\/www.mtrpadel.com\/en\/wp-json\/wp\/v2\/product\/1734\/revisions\/1737"}],"wp:featuredmedia":[{"embeddable":true,"href":"https:\/\/www.mtrpadel.com\/en\/wp-json\/wp\/v2\/media\/959"}],"wp:attachment":[{"href":"https:\/\/www.mtrpadel.com\/en\/wp-json\/wp\/v2\/media?parent=1734"}],"wp:term":[{"taxonomy":"product_brand","embeddable":true,"href":"https:\/\/www.mtrpadel.com\/en\/wp-json\/wp\/v2\/product_brand?post=1734"},{"taxonomy":"product_cat","embeddable":true,"href":"https:\/\/www.mtrpadel.com\/en\/wp-json\/wp\/v2\/product_cat?post=1734"},{"taxonomy":"product_tag","embeddable":true,"href":"https:\/\/www.mtrpadel.com\/en\/wp-json\/wp\/v2\/product_tag?post=1734"}],"curies":[{"name":"wp","href":"https:\/\/api.w.org\/{rel}","templated":true}]}}