{"id":1747,"date":"2023-05-12T11:37:47","date_gmt":"2023-05-12T11:37:47","guid":{"rendered":"https:\/\/www.mtrpadel.com\/producto\/mtr-padel-pro-player-panoramic-padel-pro-court\/"},"modified":"2024-09-17T13:14:50","modified_gmt":"2024-09-17T13:14:50","slug":"mtr-padel-pro-player-panoramic-padel-pro-court","status":"publish","type":"product","link":"https:\/\/www.mtrpadel.com\/fr\/producto\/mtr-padel-pro-player-panoramic-padel-pro-court\/","title":{"rendered":"MTR Padel Pro Player Panoramic Padel Pro Court"},"content":{"rendered":"\t\t<div data-elementor-type=\"product-post\" data-elementor-id=\"1747\" class=\"elementor elementor-1747 elementor-110\" data-elementor-post-type=\"product\">\n\t\t\t\t\t\t<section class=\"elementor-section elementor-top-section elementor-element elementor-element-599b447 elementor-section-boxed elementor-section-height-default elementor-section-height-default\" data-id=\"599b447\" data-element_type=\"section\">\n\t\t\t\t\t\t<div class=\"elementor-container elementor-column-gap-default\">\n\t\t\t\t\t<div class=\"elementor-column elementor-col-100 elementor-top-column elementor-element elementor-element-7f0e17b2\" data-id=\"7f0e17b2\" data-element_type=\"column\">\n\t\t\t<div class=\"elementor-widget-wrap elementor-element-populated\">\n\t\t\t\t\t\t<div class=\"elementor-element elementor-element-7e57d7c9 elementor-widget elementor-widget-text-editor\" data-id=\"7e57d7c9\" data-element_type=\"widget\" data-widget_type=\"text-editor.default\">\n\t\t\t\t<div class=\"elementor-widget-container\">\n\t\t\t\t\t\t\t\t\t<h3 style=\"text-align: center;\">Sp\u00e9cifications techniques :<\/h3>\n<h4>Structure m\u00e9tallique :<\/h4>\n<ul>\n \t<li>Enceinte dans la zone panoramique avec un tube de 120 mm x 120 mm x 30 mm avec le logo personnalis\u00e9 de la marque MTR Padel.<\/li>\n \t<li>Cadres en treillis autoportants avec tubes de renfort de 80x80x2mm et 40x40x2mm formant un pilier de 120x80mm.\nAvec des plaques d&rsquo;ancrage de 250x180x10mm. <\/li>\n \t<li>Treillis soud\u00e9 de 50x50x4mm \u00e0 1 m\u00e8tre et 2,20 mm du sol.<\/li>\n \t<li>Vis, etc.<\/li>\n \t<li>Mod\u00e8le de comp\u00e9tition filet de jeu<\/li>\n \t<li>Peinture noire cuite au four (autres couleurs disponibles sur demande) avec une r\u00e9sistance maximale \u00e0 l&rsquo;abrasion et \u00e0 l&rsquo;oxydation.<\/li>\n<\/ul>\n<h4>Le verre :<\/h4>\n<ul>\n \t<li>Feuilles de verre tremp\u00e9 de 12mm d&rsquo;\u00e9paisseur, 18 feuilles de 12mm dans les mesures 1995x2995mm<\/li>\n \t<li>Le verre est conforme \u00e0 la norme UNE-EN 12150-2:2005.\n-Y compris le n\u00e9opr\u00e8ne pour s\u00e9parer le verre du fer. <\/li>\n<\/ul>\n<h4>Pelouse :<\/h4>  Fourniture de gazon artificiel textur\u00e9 de derni\u00e8re g\u00e9n\u00e9ration pour la pratique du padel et de gazon de longue dur\u00e9e et de haute qualit\u00e9.  <ul>\n \t<li>Structure du gazon : Fils textur\u00e9s (boucl\u00e9s)<\/li>\n \t<li>Dtex : 9.600 Dtex\/8F<\/li>\n \t<li>Hauteur de la pile : 12 mm<\/li>\n \t<li>Jauge : 3\/16&Prime;.<\/li>\n \t<li>Densit\u00e9 : 39 900 points\/m2<\/li>\n \t<li>Support : double couche de PP<\/li>\n \t<li>Rev\u00eatement : latex SBR<\/li>\n \t<li>Remblai : sable siliceux, 8,5 kg\/m2<\/li>\n<\/ul>\n<h4>Eclairage LED :<\/h4>  4 unit\u00e9s de m\u00e2t de 6 m pour le support et la fixation des projecteurs et la conduction des c\u00e2bles, dans un tube structurel surmont\u00e9 de 8 unit\u00e9s de projecteur \u00e9tanche pour lampe LED \/ 200 W avec 26 000 lumens Tableau d&rsquo;affichage vid\u00e9o en cadeau.  <h3 style=\"text-align: center;\">Demande de disponibilit\u00e9<\/h3>\n\n<div class=\"wpcf7 no-js\" id=\"wpcf7-f61-o1\" lang=\"es-ES\" dir=\"ltr\" data-wpcf7-id=\"61\">\n<div class=\"screen-reader-response\"><p role=\"status\" aria-live=\"polite\" aria-atomic=\"true\"><\/p> <ul><\/ul><\/div>\n<form action=\"\/fr\/wp-json\/wp\/v2\/product\/1747#wpcf7-f61-o1\" method=\"post\" class=\"wpcf7-form init\" aria-label=\"Formulario de contacto\" novalidate=\"novalidate\" data-status=\"init\">\n<div style=\"display: none;\">\n<input type=\"hidden\" name=\"_wpcf7\" value=\"61\" \/>\n<input type=\"hidden\" name=\"_wpcf7_version\" value=\"6.0.5\" \/>\n<input type=\"hidden\" name=\"_wpcf7_locale\" value=\"es_ES\" \/>\n<input type=\"hidden\" name=\"_wpcf7_unit_tag\" value=\"wpcf7-f61-o1\" \/>\n<input type=\"hidden\" name=\"_wpcf7_container_post\" value=\"0\" \/>\n<input type=\"hidden\" name=\"_wpcf7_posted_data_hash\" value=\"\" \/>\n<\/div>\n<div class=\"column one-second\">\n\t<p><span class=\"wpcf7-form-control-wrap\" data-name=\"your-name\"><input size=\"40\" maxlength=\"400\" class=\"wpcf7-form-control wpcf7-text wpcf7-validates-as-required\" aria-required=\"true\" aria-invalid=\"false\" placeholder=\"Nombre\" value=\"\" type=\"text\" name=\"your-name\" \/><\/span>\n\t<\/p>\n<\/div>\n<div class=\"column one-second\">\n\t<p><span class=\"wpcf7-form-control-wrap\" data-name=\"your-email\"><input size=\"40\" maxlength=\"400\" class=\"wpcf7-form-control wpcf7-email wpcf7-validates-as-required wpcf7-text wpcf7-validates-as-email\" aria-required=\"true\" aria-invalid=\"false\" placeholder=\"Correo electr\u00f3nico\" value=\"\" type=\"email\" name=\"your-email\" \/><\/span>\n\t<\/p>\n<\/div>\n<div class=\"column one\">\n\t<p><span class=\"wpcf7-form-control-wrap\" data-name=\"your-subject\"><input size=\"40\" maxlength=\"400\" class=\"wpcf7-form-control wpcf7-text\" aria-invalid=\"false\" placeholder=\"\u00bfQu\u00e9 necesitas?\" value=\"\" type=\"text\" name=\"your-subject\" \/><\/span>\n\t<\/p>\n<\/div>\n<div class=\"column one\">\n\t<p><span class=\"wpcf7-form-control-wrap\" data-name=\"your-message\"><textarea cols=\"40\" rows=\"6\" maxlength=\"2000\" class=\"wpcf7-form-control wpcf7-textarea\" aria-invalid=\"false\" placeholder=\"Escribe tu mensaje\" name=\"your-message\"><\/textarea><\/span>\n\t<\/p>\n<\/div>\n<div style=\"text-align: left !important;\">\n\t<p><span class=\"wpcf7-form-control-wrap\" data-name=\"acceptance-46\"><span class=\"wpcf7-form-control wpcf7-acceptance\"><span class=\"wpcf7-list-item\"><label><input type=\"checkbox\" name=\"acceptance-46\" value=\"1\" aria-invalid=\"false\" \/><span class=\"wpcf7-list-item-label\"><a target=\"_blank\" href=\"#\">He le\u00eddo y acepto las Pol\u00edticas de Privacidad<\/a> (Requerido)<\/span><\/label><\/span><\/span><\/span>\n\t<\/p>\n<\/div>\n<p><span class=\"wpcf7-form-control-wrap\" data-name=\"acceptance-46\"><span class=\"wpcf7-form-control wpcf7-acceptance\"><span class=\"wpcf7-list-item\"><label><input type=\"checkbox\" name=\"acceptance-46\" value=\"1\" aria-invalid=\"false\" \/><span class=\"wpcf7-list-item-label\">Acepto el tratamiento de mis datos con la finalidad de recibir la informaci\u00f3n solicitada.<\/span><\/label><\/span><\/span><\/span>\n<\/p>\n<p>En MTR P\u00e1del (titularidad de Nombre Apellido Apellido) trataremos los datos que nos facilites con la finalidad de enviarte informaci\u00f3n relacionada con tu solicitud sobre nuestros productos y servicios. Podr\u00e1s ejercer los derechos de acceso, rectificaci\u00f3n, limitaci\u00f3n, oposici\u00f3n, portabilidad, o retirar el consentimiento enviando un email a Mtrapadel@mtrpadel.com. Tambi\u00e9n puedes solicitar la tutela de derechos ante la Autoridad de Control (AEPD). Puedes consultar informaci\u00f3n adicional y detallada sobre protecci\u00f3n de datos en nuestra Pol\u00edtica de Privacidad.\n<\/p>\n<div class=\"column one\">\n\t<p><input class=\"wpcf7-form-control wpcf7-submit has-spinner\" type=\"submit\" value=\"ENVIAR MENSAJE\" \/>\n\t<\/p>\n<\/div><div class=\"wpcf7-response-output\" aria-hidden=\"true\"><\/div>\n<\/form>\n<\/div>\n\n\n&nbsp;\n\n<a id=\"logo\" title=\"Mon blog\" href=\"https:\/\/www.mtrpadel.com\/fr\/\" data-height=\"60\" data-padding=\"15\"><img decoding=\"async\" class=\"logo-main scale-with-grid aligncenter\" src=\"https:\/\/www.mtrpadel.com\/wp-content\/uploads\/2023\/05\/MTR-Padel.png\" alt=\"Padel MTR\" data-retina=\"https:\/\/www.mtrpadel.com\/wp-content\/uploads\/2023\/05\/MTR-Padel.png\" data-height=\"51\" data-no-retina=\"\"><\/a>\n\n&nbsp;\t\t\t\t\t\t\t\t<\/div>\n\t\t\t\t<\/div>\n\t\t\t\t\t<\/div>\n\t\t<\/div>\n\t\t\t\t\t<\/div>\n\t\t<\/section>\n\t\t\t\t<\/div>\n\t\t","protected":false},"excerpt":{"rendered":"<p>Le Pro Player est l\u00e0 pour rester.<br \/>\nC&rsquo;est un terrain <strong>solide et polyvalent<\/strong>, pr\u00eat \u00e0 \u00eatre <strong>utilis\u00e9 de mani\u00e8re intensive<\/strong>, que ce soit dans des espaces priv\u00e9s ou ouverts au public.<br \/>\nAvec son \u00e9l\u00e9gant gazon bleu, il est pr\u00eat pour de <strong>nombreuses ann\u00e9es de jeu intensif<\/strong> \u00e0 un haut niveau.<br \/>\nCela en fait l&rsquo;un des protagonistes de notre catalogue et le choix pr\u00e9f\u00e9r\u00e9 des associations de joueurs de padel de diff\u00e9rents niveaux.     <\/p>\n","protected":false},"featured_media":959,"comment_status":"open","ping_status":"closed","template":"","meta":[],"product_brand":[],"product_cat":[41],"product_tag":[],"class_list":{"0":"post-1747","1":"product","2":"type-product","3":"status-publish","4":"has-post-thumbnail","6":"product_cat-courts-de-padel","8":"first","9":"instock","10":"shipping-taxable","11":"product-type-simple"},"yoast_head":"<!-- This site is optimized with the Yoast SEO plugin v24.6 - https:\/\/yoast.com\/wordpress\/plugins\/seo\/ -->\n<title>MTR Padel Pro Player Panoramic Padel Pro Court - MTR P&aacute;del Tech Valencia<\/title>\n<meta name=\"robots\" content=\"index, follow, max-snippet:-1, max-image-preview:large, max-video-preview:-1\" \/>\n<link rel=\"canonical\" href=\"https:\/\/www.mtrpadel.com\/fr\/producto\/mtr-padel-pro-player-panoramic-padel-pro-court\/\" \/>\n<meta property=\"og:locale\" content=\"fr_FR\" \/>\n<meta property=\"og:type\" content=\"article\" \/>\n<meta property=\"og:title\" content=\"MTR Padel Pro Player Panoramic Padel Pro Court - MTR P&aacute;del Tech Valencia\" \/>\n<meta property=\"og:description\" content=\"Le Pro Player est l\u00e0 pour rester. C&#039;est un terrain solide et polyvalent, pr\u00eat \u00e0 \u00eatre utilis\u00e9 de mani\u00e8re intensive, que ce soit dans des espaces priv\u00e9s ou ouverts au public. Avec son \u00e9l\u00e9gant gazon bleu, il est pr\u00eat pour de nombreuses ann\u00e9es de jeu intensif \u00e0 un haut niveau. Cela en fait l&#039;un des protagonistes de notre catalogue et le choix pr\u00e9f\u00e9r\u00e9 des associations de joueurs de padel de diff\u00e9rents niveaux.\" \/>\n<meta property=\"og:url\" content=\"https:\/\/www.mtrpadel.com\/fr\/producto\/mtr-padel-pro-player-panoramic-padel-pro-court\/\" \/>\n<meta property=\"og:site_name\" content=\"MTR P&aacute;del Tech Valencia\" \/>\n<meta property=\"article:modified_time\" content=\"2024-09-17T13:14:50+00:00\" \/>\n<meta property=\"og:image\" content=\"https:\/\/www.mtrpadel.com\/wp-content\/uploads\/2024\/01\/4.png\" \/>\n\t<meta property=\"og:image:width\" content=\"768\" \/>\n\t<meta property=\"og:image:height\" content=\"432\" \/>\n\t<meta property=\"og:image:type\" content=\"image\/png\" \/>\n<meta name=\"twitter:card\" content=\"summary_large_image\" \/>\n<meta name=\"twitter:label1\" content=\"Dur\u00e9e de lecture estim\u00e9e\" \/>\n\t<meta name=\"twitter:data1\" content=\"1 minute\" \/>\n<script type=\"application\/ld+json\" class=\"yoast-schema-graph\">{\"@context\":\"https:\/\/schema.org\",\"@graph\":[{\"@type\":[\"WebPage\",\"SearchResultsPage\"],\"@id\":\"https:\/\/www.mtrpadel.com\/fr\/producto\/mtr-padel-pro-player-panoramic-padel-pro-court\/\",\"url\":\"https:\/\/www.mtrpadel.com\/fr\/producto\/mtr-padel-pro-player-panoramic-padel-pro-court\/\",\"name\":\"MTR Padel Pro Player Panoramic Padel Pro Court - MTR P&aacute;del Tech Valencia\",\"isPartOf\":{\"@id\":\"https:\/\/www.mtrpadel.com\/fr\/#website\"},\"primaryImageOfPage\":{\"@id\":\"https:\/\/www.mtrpadel.com\/fr\/producto\/mtr-padel-pro-player-panoramic-padel-pro-court\/#primaryimage\"},\"image\":{\"@id\":\"https:\/\/www.mtrpadel.com\/fr\/producto\/mtr-padel-pro-player-panoramic-padel-pro-court\/#primaryimage\"},\"thumbnailUrl\":\"https:\/\/www.mtrpadel.com\/wp-content\/uploads\/2024\/01\/4.png\",\"datePublished\":\"2023-05-12T11:37:47+00:00\",\"dateModified\":\"2024-09-17T13:14:50+00:00\",\"breadcrumb\":{\"@id\":\"https:\/\/www.mtrpadel.com\/fr\/producto\/mtr-padel-pro-player-panoramic-padel-pro-court\/#breadcrumb\"},\"inLanguage\":\"fr-FR\",\"potentialAction\":[{\"@type\":\"ReadAction\",\"target\":[\"https:\/\/www.mtrpadel.com\/fr\/producto\/mtr-padel-pro-player-panoramic-padel-pro-court\/\"]}]},{\"@type\":\"ImageObject\",\"inLanguage\":\"fr-FR\",\"@id\":\"https:\/\/www.mtrpadel.com\/fr\/producto\/mtr-padel-pro-player-panoramic-padel-pro-court\/#primaryimage\",\"url\":\"https:\/\/www.mtrpadel.com\/wp-content\/uploads\/2024\/01\/4.png\",\"contentUrl\":\"https:\/\/www.mtrpadel.com\/wp-content\/uploads\/2024\/01\/4.png\",\"width\":768,\"height\":432},{\"@type\":\"BreadcrumbList\",\"@id\":\"https:\/\/www.mtrpadel.com\/fr\/producto\/mtr-padel-pro-player-panoramic-padel-pro-court\/#breadcrumb\",\"itemListElement\":[{\"@type\":\"ListItem\",\"position\":1,\"name\":\"Portada\",\"item\":\"https:\/\/www.mtrpadel.com\/fr\/\"},{\"@type\":\"ListItem\",\"position\":2,\"name\":\"Boutique\",\"item\":\"https:\/\/www.mtrpadel.com\/fr\/boutique\/\"},{\"@type\":\"ListItem\",\"position\":3,\"name\":\"MTR Padel Pro Player Panoramic Padel Pro Court\"}]},{\"@type\":\"WebSite\",\"@id\":\"https:\/\/www.mtrpadel.com\/fr\/#website\",\"url\":\"https:\/\/www.mtrpadel.com\/fr\/\",\"name\":\"MTR P\u00e1del Tech Valencia\",\"description\":\"Fabricaci\u00f3n y venta\",\"publisher\":{\"@id\":\"https:\/\/www.mtrpadel.com\/fr\/#organization\"},\"alternateName\":\"MTR P\u00e1del\",\"potentialAction\":[{\"@type\":\"SearchAction\",\"target\":{\"@type\":\"EntryPoint\",\"urlTemplate\":\"https:\/\/www.mtrpadel.com\/fr\/?s={search_term_string}\"},\"query-input\":{\"@type\":\"PropertyValueSpecification\",\"valueRequired\":true,\"valueName\":\"search_term_string\"}}],\"inLanguage\":\"fr-FR\"},{\"@type\":\"Organization\",\"@id\":\"https:\/\/www.mtrpadel.com\/fr\/#organization\",\"name\":\"MTR P\u00e1del Tech Valencia\",\"url\":\"https:\/\/www.mtrpadel.com\/fr\/\",\"logo\":{\"@type\":\"ImageObject\",\"inLanguage\":\"fr-FR\",\"@id\":\"https:\/\/www.mtrpadel.com\/fr\/#\/schema\/logo\/image\/\",\"url\":\"https:\/\/www.mtrpadel.com\/wp-content\/uploads\/2023\/06\/logo-mtr-padel.png\",\"contentUrl\":\"https:\/\/www.mtrpadel.com\/wp-content\/uploads\/2023\/06\/logo-mtr-padel.png\",\"width\":1000,\"height\":170,\"caption\":\"MTR P\u00e1del Tech Valencia\"},\"image\":{\"@id\":\"https:\/\/www.mtrpadel.com\/fr\/#\/schema\/logo\/image\/\"}}]}<\/script>\n<!-- \/ Yoast SEO plugin. -->","yoast_head_json":{"title":"MTR Padel Pro Player Panoramic Padel Pro Court - MTR P&aacute;del Tech Valencia","robots":{"index":"index","follow":"follow","max-snippet":"max-snippet:-1","max-image-preview":"max-image-preview:large","max-video-preview":"max-video-preview:-1"},"canonical":"https:\/\/www.mtrpadel.com\/fr\/producto\/mtr-padel-pro-player-panoramic-padel-pro-court\/","og_locale":"fr_FR","og_type":"article","og_title":"MTR Padel Pro Player Panoramic Padel Pro Court - MTR P&aacute;del Tech Valencia","og_description":"Le Pro Player est l\u00e0 pour rester. C'est un terrain solide et polyvalent, pr\u00eat \u00e0 \u00eatre utilis\u00e9 de mani\u00e8re intensive, que ce soit dans des espaces priv\u00e9s ou ouverts au public. Avec son \u00e9l\u00e9gant gazon bleu, il est pr\u00eat pour de nombreuses ann\u00e9es de jeu intensif \u00e0 un haut niveau. Cela en fait l'un des protagonistes de notre catalogue et le choix pr\u00e9f\u00e9r\u00e9 des associations de joueurs de padel de diff\u00e9rents niveaux.","og_url":"https:\/\/www.mtrpadel.com\/fr\/producto\/mtr-padel-pro-player-panoramic-padel-pro-court\/","og_site_name":"MTR P&aacute;del Tech Valencia","article_modified_time":"2024-09-17T13:14:50+00:00","og_image":[{"width":768,"height":432,"url":"https:\/\/www.mtrpadel.com\/wp-content\/uploads\/2024\/01\/4.png","type":"image\/png"}],"twitter_card":"summary_large_image","twitter_misc":{"Dur\u00e9e de lecture estim\u00e9e":"1 minute"},"schema":{"@context":"https:\/\/schema.org","@graph":[{"@type":["WebPage","SearchResultsPage"],"@id":"https:\/\/www.mtrpadel.com\/fr\/producto\/mtr-padel-pro-player-panoramic-padel-pro-court\/","url":"https:\/\/www.mtrpadel.com\/fr\/producto\/mtr-padel-pro-player-panoramic-padel-pro-court\/","name":"MTR Padel Pro Player Panoramic Padel Pro Court - MTR P&aacute;del Tech Valencia","isPartOf":{"@id":"https:\/\/www.mtrpadel.com\/fr\/#website"},"primaryImageOfPage":{"@id":"https:\/\/www.mtrpadel.com\/fr\/producto\/mtr-padel-pro-player-panoramic-padel-pro-court\/#primaryimage"},"image":{"@id":"https:\/\/www.mtrpadel.com\/fr\/producto\/mtr-padel-pro-player-panoramic-padel-pro-court\/#primaryimage"},"thumbnailUrl":"https:\/\/www.mtrpadel.com\/wp-content\/uploads\/2024\/01\/4.png","datePublished":"2023-05-12T11:37:47+00:00","dateModified":"2024-09-17T13:14:50+00:00","breadcrumb":{"@id":"https:\/\/www.mtrpadel.com\/fr\/producto\/mtr-padel-pro-player-panoramic-padel-pro-court\/#breadcrumb"},"inLanguage":"fr-FR","potentialAction":[{"@type":"ReadAction","target":["https:\/\/www.mtrpadel.com\/fr\/producto\/mtr-padel-pro-player-panoramic-padel-pro-court\/"]}]},{"@type":"ImageObject","inLanguage":"fr-FR","@id":"https:\/\/www.mtrpadel.com\/fr\/producto\/mtr-padel-pro-player-panoramic-padel-pro-court\/#primaryimage","url":"https:\/\/www.mtrpadel.com\/wp-content\/uploads\/2024\/01\/4.png","contentUrl":"https:\/\/www.mtrpadel.com\/wp-content\/uploads\/2024\/01\/4.png","width":768,"height":432},{"@type":"BreadcrumbList","@id":"https:\/\/www.mtrpadel.com\/fr\/producto\/mtr-padel-pro-player-panoramic-padel-pro-court\/#breadcrumb","itemListElement":[{"@type":"ListItem","position":1,"name":"Portada","item":"https:\/\/www.mtrpadel.com\/fr\/"},{"@type":"ListItem","position":2,"name":"Boutique","item":"https:\/\/www.mtrpadel.com\/fr\/boutique\/"},{"@type":"ListItem","position":3,"name":"MTR Padel Pro Player Panoramic Padel Pro Court"}]},{"@type":"WebSite","@id":"https:\/\/www.mtrpadel.com\/fr\/#website","url":"https:\/\/www.mtrpadel.com\/fr\/","name":"MTR P\u00e1del Tech Valencia","description":"Fabricaci\u00f3n y venta","publisher":{"@id":"https:\/\/www.mtrpadel.com\/fr\/#organization"},"alternateName":"MTR P\u00e1del","potentialAction":[{"@type":"SearchAction","target":{"@type":"EntryPoint","urlTemplate":"https:\/\/www.mtrpadel.com\/fr\/?s={search_term_string}"},"query-input":{"@type":"PropertyValueSpecification","valueRequired":true,"valueName":"search_term_string"}}],"inLanguage":"fr-FR"},{"@type":"Organization","@id":"https:\/\/www.mtrpadel.com\/fr\/#organization","name":"MTR P\u00e1del Tech Valencia","url":"https:\/\/www.mtrpadel.com\/fr\/","logo":{"@type":"ImageObject","inLanguage":"fr-FR","@id":"https:\/\/www.mtrpadel.com\/fr\/#\/schema\/logo\/image\/","url":"https:\/\/www.mtrpadel.com\/wp-content\/uploads\/2023\/06\/logo-mtr-padel.png","contentUrl":"https:\/\/www.mtrpadel.com\/wp-content\/uploads\/2023\/06\/logo-mtr-padel.png","width":1000,"height":170,"caption":"MTR P\u00e1del Tech Valencia"},"image":{"@id":"https:\/\/www.mtrpadel.com\/fr\/#\/schema\/logo\/image\/"}}]}},"_links":{"self":[{"href":"https:\/\/www.mtrpadel.com\/fr\/wp-json\/wp\/v2\/product\/1747","targetHints":{"allow":["GET"]}}],"collection":[{"href":"https:\/\/www.mtrpadel.com\/fr\/wp-json\/wp\/v2\/product"}],"about":[{"href":"https:\/\/www.mtrpadel.com\/fr\/wp-json\/wp\/v2\/types\/product"}],"replies":[{"embeddable":true,"href":"https:\/\/www.mtrpadel.com\/fr\/wp-json\/wp\/v2\/comments?post=1747"}],"version-history":[{"count":4,"href":"https:\/\/www.mtrpadel.com\/fr\/wp-json\/wp\/v2\/product\/1747\/revisions"}],"predecessor-version":[{"id":1751,"href":"https:\/\/www.mtrpadel.com\/fr\/wp-json\/wp\/v2\/product\/1747\/revisions\/1751"}],"wp:featuredmedia":[{"embeddable":true,"href":"https:\/\/www.mtrpadel.com\/fr\/wp-json\/wp\/v2\/media\/959"}],"wp:attachment":[{"href":"https:\/\/www.mtrpadel.com\/fr\/wp-json\/wp\/v2\/media?parent=1747"}],"wp:term":[{"taxonomy":"product_brand","embeddable":true,"href":"https:\/\/www.mtrpadel.com\/fr\/wp-json\/wp\/v2\/product_brand?post=1747"},{"taxonomy":"product_cat","embeddable":true,"href":"https:\/\/www.mtrpadel.com\/fr\/wp-json\/wp\/v2\/product_cat?post=1747"},{"taxonomy":"product_tag","embeddable":true,"href":"https:\/\/www.mtrpadel.com\/fr\/wp-json\/wp\/v2\/product_tag?post=1747"}],"curies":[{"name":"wp","href":"https:\/\/api.w.org\/{rel}","templated":true}]}}