{"id":1752,"date":"2024-09-12T14:55:18","date_gmt":"2024-09-12T14:55:18","guid":{"rendered":"https:\/\/www.mtrpadel.com\/producto\/cour-de-padel-panoramic-inox-pro-mtr\/"},"modified":"2024-09-17T13:16:30","modified_gmt":"2024-09-17T13:16:30","slug":"cour-de-padel-panoramic-inox-pro-mtr","status":"publish","type":"product","link":"https:\/\/www.mtrpadel.com\/fr\/producto\/cour-de-padel-panoramic-inox-pro-mtr\/","title":{"rendered":"Cour de padel Panoramic Inox PRO MTR"},"content":{"rendered":"\t\t<div data-elementor-type=\"product-post\" data-elementor-id=\"1752\" class=\"elementor elementor-1752 elementor-1294\" data-elementor-post-type=\"product\">\n\t\t\t\t\t\t<section class=\"elementor-section elementor-top-section elementor-element elementor-element-edb7f6e elementor-section-boxed elementor-section-height-default elementor-section-height-default\" data-id=\"edb7f6e\" data-element_type=\"section\">\n\t\t\t\t\t\t<div class=\"elementor-container elementor-column-gap-default\">\n\t\t\t\t\t<div class=\"elementor-column elementor-col-100 elementor-top-column elementor-element elementor-element-b987236\" data-id=\"b987236\" data-element_type=\"column\">\n\t\t\t<div class=\"elementor-widget-wrap elementor-element-populated\">\n\t\t\t\t\t\t<div class=\"elementor-element elementor-element-3ba5ccd elementor-widget elementor-widget-text-editor\" data-id=\"3ba5ccd\" data-element_type=\"widget\" data-widget_type=\"text-editor.default\">\n\t\t\t\t<div class=\"elementor-widget-container\">\n\t\t\t\t\t\t\t\t\t<h3 style=\"text-align: center;\">Caract\u00e9ristiques techniques :<\/h3>\n<h4>Structure m\u00e9tallique :<\/h4>\n<ul>\n<li>Form\u00e9 par des cadres tubulaires ind\u00e9pendants de 80x40x12mm pour les c\u00f4t\u00e9s.<\/li>\n<li>Piliers et traverses en acier pour maintenir les vitres de 80x40x3mm.<\/li>\n<li>Maille \u00e9lectrosoud\u00e9e de 50x50x4mm fabriqu\u00e9e selon les normes UNE EN 10025-1.<\/li>\n<li>Plaques d&rsquo;ancrage au sol en acier S235JR de 10 mm d&rsquo;\u00e9paisseur.<\/li>\n<li>Kit de vis<\/li>\n<li>Piliers d&rsquo;angle et lanternes en tube d&rsquo;acier inoxydable satin\u00e9 pour \u00e9viter les reflets.<\/li>\n<li>Protection contre la corrosion par un processus de rev\u00eatement en poudre selon la norme UNE EN ISO 12944-2:2018.<\/li>\n<\/ul>\n<h4>Le verre :<\/h4>\n<ul>\n<li>Feuilles de verre tremp\u00e9 de 12mm d&rsquo;\u00e9paisseur, 18 feuilles de 12mm dans les mesures 1995x2995mm<\/li>\n<li>Le verre est conforme \u00e0 la norme UNE-EN 12150-2:2005.<br \/>\n-Y compris le n\u00e9opr\u00e8ne pour s\u00e9parer le verre du fer. <\/li>\n<\/ul>\n<h4>Pelouse :<\/h4>\n<p>Fourniture de gazon artificiel textur\u00e9 de derni\u00e8re g\u00e9n\u00e9ration pour la pratique du padel et de gazon de longue dur\u00e9e et de haute qualit\u00e9.<\/p>\n<ul>\n<li>Structure du gazon : Fils textur\u00e9s (boucl\u00e9s)<\/li>\n<li>Dtex : 9.600 Dtex\/8F<\/li>\n<li>Hauteur de la pile : 12 mm<\/li>\n<li>Jauge : 3\/16&Prime;.<\/li>\n<li>Densit\u00e9 : 39 900 points\/m2<\/li>\n<li>Support : double couche de PP<\/li>\n<li>Rev\u00eatement : latex SBR<\/li>\n<li>Remblai : sable siliceux, 8,5 kg\/m2<\/li>\n<\/ul>\n<h4>Eclairage LED :<\/h4>\n<p>4 unit\u00e9s de m\u00e2t de 6 m pour le support et la fixation des projecteurs et la conduction des c\u00e2bles, dans un tube structurel surmont\u00e9 de 8 unit\u00e9s de projecteur \u00e9tanche pour lampe LED \/ 200 W avec 26 000 lumens.<\/p>\n<h3 style=\"text-align: center;\">Demande de disponibilit\u00e9<\/h3>\n<div class=\"wpcf7 no-js\" id=\"wpcf7-f61-o1\" lang=\"es-ES\" dir=\"ltr\" data-wpcf7-id=\"61\">\n<div class=\"screen-reader-response\"><p role=\"status\" aria-live=\"polite\" aria-atomic=\"true\"><\/p> <ul><\/ul><\/div>\n<form action=\"\/fr\/wp-json\/wp\/v2\/product\/1752#wpcf7-f61-o1\" method=\"post\" class=\"wpcf7-form init\" aria-label=\"Formulario de contacto\" novalidate=\"novalidate\" data-status=\"init\">\n<div style=\"display: none;\">\n<input type=\"hidden\" name=\"_wpcf7\" value=\"61\" \/>\n<input type=\"hidden\" name=\"_wpcf7_version\" value=\"6.0.5\" \/>\n<input type=\"hidden\" name=\"_wpcf7_locale\" value=\"es_ES\" \/>\n<input type=\"hidden\" name=\"_wpcf7_unit_tag\" value=\"wpcf7-f61-o1\" \/>\n<input type=\"hidden\" name=\"_wpcf7_container_post\" value=\"0\" \/>\n<input type=\"hidden\" name=\"_wpcf7_posted_data_hash\" value=\"\" \/>\n<\/div>\n<div class=\"column one-second\">\n\t<p><span class=\"wpcf7-form-control-wrap\" data-name=\"your-name\"><input size=\"40\" maxlength=\"400\" class=\"wpcf7-form-control wpcf7-text wpcf7-validates-as-required\" aria-required=\"true\" aria-invalid=\"false\" placeholder=\"Nombre\" value=\"\" type=\"text\" name=\"your-name\" \/><\/span>\n\t<\/p>\n<\/div>\n<div class=\"column one-second\">\n\t<p><span class=\"wpcf7-form-control-wrap\" data-name=\"your-email\"><input size=\"40\" maxlength=\"400\" class=\"wpcf7-form-control wpcf7-email wpcf7-validates-as-required wpcf7-text wpcf7-validates-as-email\" aria-required=\"true\" aria-invalid=\"false\" placeholder=\"Correo electr\u00f3nico\" value=\"\" type=\"email\" name=\"your-email\" \/><\/span>\n\t<\/p>\n<\/div>\n<div class=\"column one\">\n\t<p><span class=\"wpcf7-form-control-wrap\" data-name=\"your-subject\"><input size=\"40\" maxlength=\"400\" class=\"wpcf7-form-control wpcf7-text\" aria-invalid=\"false\" placeholder=\"\u00bfQu\u00e9 necesitas?\" value=\"\" type=\"text\" name=\"your-subject\" \/><\/span>\n\t<\/p>\n<\/div>\n<div class=\"column one\">\n\t<p><span class=\"wpcf7-form-control-wrap\" data-name=\"your-message\"><textarea cols=\"40\" rows=\"6\" maxlength=\"2000\" class=\"wpcf7-form-control wpcf7-textarea\" aria-invalid=\"false\" placeholder=\"Escribe tu mensaje\" name=\"your-message\"><\/textarea><\/span>\n\t<\/p>\n<\/div>\n<div style=\"text-align: left !important;\">\n\t<p><span class=\"wpcf7-form-control-wrap\" data-name=\"acceptance-46\"><span class=\"wpcf7-form-control wpcf7-acceptance\"><span class=\"wpcf7-list-item\"><label><input type=\"checkbox\" name=\"acceptance-46\" value=\"1\" aria-invalid=\"false\" \/><span class=\"wpcf7-list-item-label\"><a target=\"_blank\" href=\"#\">He le\u00eddo y acepto las Pol\u00edticas de Privacidad<\/a> (Requerido)<\/span><\/label><\/span><\/span><\/span>\n\t<\/p>\n<\/div>\n<p><span class=\"wpcf7-form-control-wrap\" data-name=\"acceptance-46\"><span class=\"wpcf7-form-control wpcf7-acceptance\"><span class=\"wpcf7-list-item\"><label><input type=\"checkbox\" name=\"acceptance-46\" value=\"1\" aria-invalid=\"false\" \/><span class=\"wpcf7-list-item-label\">Acepto el tratamiento de mis datos con la finalidad de recibir la informaci\u00f3n solicitada.<\/span><\/label><\/span><\/span><\/span>\n<\/p>\n<p>En MTR P\u00e1del (titularidad de Nombre Apellido Apellido) trataremos los datos que nos facilites con la finalidad de enviarte informaci\u00f3n relacionada con tu solicitud sobre nuestros productos y servicios. Podr\u00e1s ejercer los derechos de acceso, rectificaci\u00f3n, limitaci\u00f3n, oposici\u00f3n, portabilidad, o retirar el consentimiento enviando un email a Mtrapadel@mtrpadel.com. Tambi\u00e9n puedes solicitar la tutela de derechos ante la Autoridad de Control (AEPD). Puedes consultar informaci\u00f3n adicional y detallada sobre protecci\u00f3n de datos en nuestra Pol\u00edtica de Privacidad.\n<\/p>\n<div class=\"column one\">\n\t<p><input class=\"wpcf7-form-control wpcf7-submit has-spinner\" type=\"submit\" value=\"ENVIAR MENSAJE\" \/>\n\t<\/p>\n<\/div><div class=\"wpcf7-response-output\" aria-hidden=\"true\"><\/div>\n<\/form>\n<\/div>\n<p><a id=\"logo\" title=\"Mon blog\" href=\"https:\/\/www.mtrpadel.com\/fr\/\" data-height=\"60\" data-padding=\"15\"><img decoding=\"async\" class=\"logo-main scale-with-grid aligncenter\" src=\"https:\/\/www.mtrpadel.com\/wp-content\/uploads\/2023\/05\/MTR-Padel.png\" alt=\"Padel MTR\" data-retina=\"https:\/\/www.mtrpadel.com\/wp-content\/uploads\/2023\/05\/MTR-Padel.png\" data-height=\"51\" data-no-retina=\"\"><\/a><\/p>\n\t\t\t\t\t\t\t\t<\/div>\n\t\t\t\t<\/div>\n\t\t\t\t\t<\/div>\n\t\t<\/div>\n\t\t\t\t\t<\/div>\n\t\t<\/section>\n\t\t\t\t<\/div>\n\t\t","protected":false},"excerpt":{"rendered":"<p>Le court de padel Inox PRO est plus r\u00e9sistant que les courts traditionnels et permet au joueur d&rsquo;avoir un angle de vue plus large.<br \/>\nCela am\u00e9liore l&rsquo;exp\u00e9rience de jeu, la durabilit\u00e9 du court et la visibilit\u00e9 pour les spectateurs.<br \/>\nL&rsquo;une des caract\u00e9ristiques les plus int\u00e9ressantes de ce mod\u00e8le de court est qu&rsquo;une partie des profils du fond de court est en acier inoxydable.<br \/>\nIls ne rouillent donc pas.<br \/>\nDe plus, cela se traduit par une r\u00e9duction de l&rsquo;entretien des installations.    <\/p>\n","protected":false},"featured_media":1295,"comment_status":"open","ping_status":"closed","template":"","meta":[],"product_brand":[],"product_cat":[41],"product_tag":[],"class_list":{"0":"post-1752","1":"product","2":"type-product","3":"status-publish","4":"has-post-thumbnail","6":"product_cat-courts-de-padel","8":"first","9":"instock","10":"shipping-taxable","11":"product-type-simple"},"yoast_head":"<!-- This site is optimized with the Yoast SEO plugin v24.6 - https:\/\/yoast.com\/wordpress\/plugins\/seo\/ -->\n<title>Cour de padel Panoramic Inox PRO MTR - MTR P&aacute;del Tech Valencia<\/title>\n<meta name=\"robots\" content=\"index, follow, max-snippet:-1, max-image-preview:large, max-video-preview:-1\" \/>\n<link rel=\"canonical\" href=\"https:\/\/www.mtrpadel.com\/fr\/producto\/cour-de-padel-panoramic-inox-pro-mtr\/\" \/>\n<meta property=\"og:locale\" content=\"fr_FR\" \/>\n<meta property=\"og:type\" content=\"article\" \/>\n<meta property=\"og:title\" content=\"Cour de padel Panoramic Inox PRO MTR - MTR P&aacute;del Tech Valencia\" \/>\n<meta property=\"og:description\" content=\"Le court de padel Inox PRO est plus r\u00e9sistant que les courts traditionnels et permet au joueur d&#039;avoir un angle de vue plus large. Cela am\u00e9liore l&#039;exp\u00e9rience de jeu, la durabilit\u00e9 du court et la visibilit\u00e9 pour les spectateurs. L&#039;une des caract\u00e9ristiques les plus int\u00e9ressantes de ce mod\u00e8le de court est qu&#039;une partie des profils du fond de court est en acier inoxydable. Ils ne rouillent donc pas. De plus, cela se traduit par une r\u00e9duction de l&#039;entretien des installations.\" \/>\n<meta property=\"og:url\" content=\"https:\/\/www.mtrpadel.com\/fr\/producto\/cour-de-padel-panoramic-inox-pro-mtr\/\" \/>\n<meta property=\"og:site_name\" content=\"MTR P&aacute;del Tech Valencia\" \/>\n<meta property=\"article:modified_time\" content=\"2024-09-17T13:16:30+00:00\" \/>\n<meta property=\"og:image\" content=\"https:\/\/www.mtrpadel.com\/wp-content\/uploads\/2024\/09\/img-pista-padel-panoramica-inox-pro-1-1.jpg\" \/>\n\t<meta property=\"og:image:width\" content=\"600\" \/>\n\t<meta property=\"og:image:height\" content=\"600\" \/>\n\t<meta property=\"og:image:type\" content=\"image\/jpeg\" \/>\n<meta name=\"twitter:card\" content=\"summary_large_image\" \/>\n<meta name=\"twitter:label1\" content=\"Dur\u00e9e de lecture estim\u00e9e\" \/>\n\t<meta name=\"twitter:data1\" content=\"1 minute\" \/>\n<script type=\"application\/ld+json\" class=\"yoast-schema-graph\">{\"@context\":\"https:\/\/schema.org\",\"@graph\":[{\"@type\":[\"WebPage\",\"SearchResultsPage\"],\"@id\":\"https:\/\/www.mtrpadel.com\/fr\/producto\/cour-de-padel-panoramic-inox-pro-mtr\/\",\"url\":\"https:\/\/www.mtrpadel.com\/fr\/producto\/cour-de-padel-panoramic-inox-pro-mtr\/\",\"name\":\"Cour de padel Panoramic Inox PRO MTR - MTR P&aacute;del Tech Valencia\",\"isPartOf\":{\"@id\":\"https:\/\/www.mtrpadel.com\/fr\/#website\"},\"primaryImageOfPage\":{\"@id\":\"https:\/\/www.mtrpadel.com\/fr\/producto\/cour-de-padel-panoramic-inox-pro-mtr\/#primaryimage\"},\"image\":{\"@id\":\"https:\/\/www.mtrpadel.com\/fr\/producto\/cour-de-padel-panoramic-inox-pro-mtr\/#primaryimage\"},\"thumbnailUrl\":\"https:\/\/www.mtrpadel.com\/wp-content\/uploads\/2024\/09\/img-pista-padel-panoramica-inox-pro-1-1.jpg\",\"datePublished\":\"2024-09-12T14:55:18+00:00\",\"dateModified\":\"2024-09-17T13:16:30+00:00\",\"breadcrumb\":{\"@id\":\"https:\/\/www.mtrpadel.com\/fr\/producto\/cour-de-padel-panoramic-inox-pro-mtr\/#breadcrumb\"},\"inLanguage\":\"fr-FR\",\"potentialAction\":[{\"@type\":\"ReadAction\",\"target\":[\"https:\/\/www.mtrpadel.com\/fr\/producto\/cour-de-padel-panoramic-inox-pro-mtr\/\"]}]},{\"@type\":\"ImageObject\",\"inLanguage\":\"fr-FR\",\"@id\":\"https:\/\/www.mtrpadel.com\/fr\/producto\/cour-de-padel-panoramic-inox-pro-mtr\/#primaryimage\",\"url\":\"https:\/\/www.mtrpadel.com\/wp-content\/uploads\/2024\/09\/img-pista-padel-panoramica-inox-pro-1-1.jpg\",\"contentUrl\":\"https:\/\/www.mtrpadel.com\/wp-content\/uploads\/2024\/09\/img-pista-padel-panoramica-inox-pro-1-1.jpg\",\"width\":600,\"height\":600,\"caption\":\"imagen de pista de p\u00e1del modelo Inox PRO\"},{\"@type\":\"BreadcrumbList\",\"@id\":\"https:\/\/www.mtrpadel.com\/fr\/producto\/cour-de-padel-panoramic-inox-pro-mtr\/#breadcrumb\",\"itemListElement\":[{\"@type\":\"ListItem\",\"position\":1,\"name\":\"Portada\",\"item\":\"https:\/\/www.mtrpadel.com\/fr\/\"},{\"@type\":\"ListItem\",\"position\":2,\"name\":\"Boutique\",\"item\":\"https:\/\/www.mtrpadel.com\/fr\/boutique\/\"},{\"@type\":\"ListItem\",\"position\":3,\"name\":\"Cour de padel Panoramic Inox PRO MTR\"}]},{\"@type\":\"WebSite\",\"@id\":\"https:\/\/www.mtrpadel.com\/fr\/#website\",\"url\":\"https:\/\/www.mtrpadel.com\/fr\/\",\"name\":\"MTR P\u00e1del Tech Valencia\",\"description\":\"Fabricaci\u00f3n y venta\",\"publisher\":{\"@id\":\"https:\/\/www.mtrpadel.com\/fr\/#organization\"},\"alternateName\":\"MTR P\u00e1del\",\"potentialAction\":[{\"@type\":\"SearchAction\",\"target\":{\"@type\":\"EntryPoint\",\"urlTemplate\":\"https:\/\/www.mtrpadel.com\/fr\/?s={search_term_string}\"},\"query-input\":{\"@type\":\"PropertyValueSpecification\",\"valueRequired\":true,\"valueName\":\"search_term_string\"}}],\"inLanguage\":\"fr-FR\"},{\"@type\":\"Organization\",\"@id\":\"https:\/\/www.mtrpadel.com\/fr\/#organization\",\"name\":\"MTR P\u00e1del Tech Valencia\",\"url\":\"https:\/\/www.mtrpadel.com\/fr\/\",\"logo\":{\"@type\":\"ImageObject\",\"inLanguage\":\"fr-FR\",\"@id\":\"https:\/\/www.mtrpadel.com\/fr\/#\/schema\/logo\/image\/\",\"url\":\"https:\/\/www.mtrpadel.com\/wp-content\/uploads\/2023\/06\/logo-mtr-padel.png\",\"contentUrl\":\"https:\/\/www.mtrpadel.com\/wp-content\/uploads\/2023\/06\/logo-mtr-padel.png\",\"width\":1000,\"height\":170,\"caption\":\"MTR P\u00e1del Tech Valencia\"},\"image\":{\"@id\":\"https:\/\/www.mtrpadel.com\/fr\/#\/schema\/logo\/image\/\"}}]}<\/script>\n<!-- \/ Yoast SEO plugin. -->","yoast_head_json":{"title":"Cour de padel Panoramic Inox PRO MTR - MTR P&aacute;del Tech Valencia","robots":{"index":"index","follow":"follow","max-snippet":"max-snippet:-1","max-image-preview":"max-image-preview:large","max-video-preview":"max-video-preview:-1"},"canonical":"https:\/\/www.mtrpadel.com\/fr\/producto\/cour-de-padel-panoramic-inox-pro-mtr\/","og_locale":"fr_FR","og_type":"article","og_title":"Cour de padel Panoramic Inox PRO MTR - MTR P&aacute;del Tech Valencia","og_description":"Le court de padel Inox PRO est plus r\u00e9sistant que les courts traditionnels et permet au joueur d'avoir un angle de vue plus large. Cela am\u00e9liore l'exp\u00e9rience de jeu, la durabilit\u00e9 du court et la visibilit\u00e9 pour les spectateurs. L'une des caract\u00e9ristiques les plus int\u00e9ressantes de ce mod\u00e8le de court est qu'une partie des profils du fond de court est en acier inoxydable. Ils ne rouillent donc pas. De plus, cela se traduit par une r\u00e9duction de l'entretien des installations.","og_url":"https:\/\/www.mtrpadel.com\/fr\/producto\/cour-de-padel-panoramic-inox-pro-mtr\/","og_site_name":"MTR P&aacute;del Tech Valencia","article_modified_time":"2024-09-17T13:16:30+00:00","og_image":[{"width":600,"height":600,"url":"https:\/\/www.mtrpadel.com\/wp-content\/uploads\/2024\/09\/img-pista-padel-panoramica-inox-pro-1-1.jpg","type":"image\/jpeg"}],"twitter_card":"summary_large_image","twitter_misc":{"Dur\u00e9e de lecture estim\u00e9e":"1 minute"},"schema":{"@context":"https:\/\/schema.org","@graph":[{"@type":["WebPage","SearchResultsPage"],"@id":"https:\/\/www.mtrpadel.com\/fr\/producto\/cour-de-padel-panoramic-inox-pro-mtr\/","url":"https:\/\/www.mtrpadel.com\/fr\/producto\/cour-de-padel-panoramic-inox-pro-mtr\/","name":"Cour de padel Panoramic Inox PRO MTR - MTR P&aacute;del Tech Valencia","isPartOf":{"@id":"https:\/\/www.mtrpadel.com\/fr\/#website"},"primaryImageOfPage":{"@id":"https:\/\/www.mtrpadel.com\/fr\/producto\/cour-de-padel-panoramic-inox-pro-mtr\/#primaryimage"},"image":{"@id":"https:\/\/www.mtrpadel.com\/fr\/producto\/cour-de-padel-panoramic-inox-pro-mtr\/#primaryimage"},"thumbnailUrl":"https:\/\/www.mtrpadel.com\/wp-content\/uploads\/2024\/09\/img-pista-padel-panoramica-inox-pro-1-1.jpg","datePublished":"2024-09-12T14:55:18+00:00","dateModified":"2024-09-17T13:16:30+00:00","breadcrumb":{"@id":"https:\/\/www.mtrpadel.com\/fr\/producto\/cour-de-padel-panoramic-inox-pro-mtr\/#breadcrumb"},"inLanguage":"fr-FR","potentialAction":[{"@type":"ReadAction","target":["https:\/\/www.mtrpadel.com\/fr\/producto\/cour-de-padel-panoramic-inox-pro-mtr\/"]}]},{"@type":"ImageObject","inLanguage":"fr-FR","@id":"https:\/\/www.mtrpadel.com\/fr\/producto\/cour-de-padel-panoramic-inox-pro-mtr\/#primaryimage","url":"https:\/\/www.mtrpadel.com\/wp-content\/uploads\/2024\/09\/img-pista-padel-panoramica-inox-pro-1-1.jpg","contentUrl":"https:\/\/www.mtrpadel.com\/wp-content\/uploads\/2024\/09\/img-pista-padel-panoramica-inox-pro-1-1.jpg","width":600,"height":600,"caption":"imagen de pista de p\u00e1del modelo Inox PRO"},{"@type":"BreadcrumbList","@id":"https:\/\/www.mtrpadel.com\/fr\/producto\/cour-de-padel-panoramic-inox-pro-mtr\/#breadcrumb","itemListElement":[{"@type":"ListItem","position":1,"name":"Portada","item":"https:\/\/www.mtrpadel.com\/fr\/"},{"@type":"ListItem","position":2,"name":"Boutique","item":"https:\/\/www.mtrpadel.com\/fr\/boutique\/"},{"@type":"ListItem","position":3,"name":"Cour de padel Panoramic Inox PRO MTR"}]},{"@type":"WebSite","@id":"https:\/\/www.mtrpadel.com\/fr\/#website","url":"https:\/\/www.mtrpadel.com\/fr\/","name":"MTR P\u00e1del Tech Valencia","description":"Fabricaci\u00f3n y venta","publisher":{"@id":"https:\/\/www.mtrpadel.com\/fr\/#organization"},"alternateName":"MTR P\u00e1del","potentialAction":[{"@type":"SearchAction","target":{"@type":"EntryPoint","urlTemplate":"https:\/\/www.mtrpadel.com\/fr\/?s={search_term_string}"},"query-input":{"@type":"PropertyValueSpecification","valueRequired":true,"valueName":"search_term_string"}}],"inLanguage":"fr-FR"},{"@type":"Organization","@id":"https:\/\/www.mtrpadel.com\/fr\/#organization","name":"MTR P\u00e1del Tech Valencia","url":"https:\/\/www.mtrpadel.com\/fr\/","logo":{"@type":"ImageObject","inLanguage":"fr-FR","@id":"https:\/\/www.mtrpadel.com\/fr\/#\/schema\/logo\/image\/","url":"https:\/\/www.mtrpadel.com\/wp-content\/uploads\/2023\/06\/logo-mtr-padel.png","contentUrl":"https:\/\/www.mtrpadel.com\/wp-content\/uploads\/2023\/06\/logo-mtr-padel.png","width":1000,"height":170,"caption":"MTR P\u00e1del Tech Valencia"},"image":{"@id":"https:\/\/www.mtrpadel.com\/fr\/#\/schema\/logo\/image\/"}}]}},"_links":{"self":[{"href":"https:\/\/www.mtrpadel.com\/fr\/wp-json\/wp\/v2\/product\/1752","targetHints":{"allow":["GET"]}}],"collection":[{"href":"https:\/\/www.mtrpadel.com\/fr\/wp-json\/wp\/v2\/product"}],"about":[{"href":"https:\/\/www.mtrpadel.com\/fr\/wp-json\/wp\/v2\/types\/product"}],"replies":[{"embeddable":true,"href":"https:\/\/www.mtrpadel.com\/fr\/wp-json\/wp\/v2\/comments?post=1752"}],"version-history":[{"count":4,"href":"https:\/\/www.mtrpadel.com\/fr\/wp-json\/wp\/v2\/product\/1752\/revisions"}],"predecessor-version":[{"id":1756,"href":"https:\/\/www.mtrpadel.com\/fr\/wp-json\/wp\/v2\/product\/1752\/revisions\/1756"}],"wp:featuredmedia":[{"embeddable":true,"href":"https:\/\/www.mtrpadel.com\/fr\/wp-json\/wp\/v2\/media\/1295"}],"wp:attachment":[{"href":"https:\/\/www.mtrpadel.com\/fr\/wp-json\/wp\/v2\/media?parent=1752"}],"wp:term":[{"taxonomy":"product_brand","embeddable":true,"href":"https:\/\/www.mtrpadel.com\/fr\/wp-json\/wp\/v2\/product_brand?post=1752"},{"taxonomy":"product_cat","embeddable":true,"href":"https:\/\/www.mtrpadel.com\/fr\/wp-json\/wp\/v2\/product_cat?post=1752"},{"taxonomy":"product_tag","embeddable":true,"href":"https:\/\/www.mtrpadel.com\/fr\/wp-json\/wp\/v2\/product_tag?post=1752"}],"curies":[{"name":"wp","href":"https:\/\/api.w.org\/{rel}","templated":true}]}}